{"id":1553,"date":"2023-07-04T15:27:36","date_gmt":"2023-07-04T15:27:36","guid":{"rendered":"https:\/\/smsreflex.com\/?page_id=1553"},"modified":"2025-01-24T09:49:18","modified_gmt":"2025-01-24T09:49:18","slug":"tarifs-smsreflex","status":"publish","type":"page","link":"https:\/\/smsreflex.com\/fr\/tarifs-smsreflex\/","title":{"rendered":"Tarifs SMSREFLEX"},"content":{"rendered":"\n<h4 class=\"wp-block-heading\">Des forfaits adapt\u00e9s \u00e0 votre entreprise et \u00e0 la taille de votre projet.<\/h4>\n\n\n\n<p>Nos forfaits sont en pr\u00e9-paiement et et sur abonnement mensuel. Pour des projets plus ambitieux et avec des volumes plus importants n&rsquo;h\u00e9sitez pas \u00e0 nous contacter.<\/p>\n\n\n\n\t<div style=\"display:contents; font-family: sans-serif\" class='fca-ept-main' id=fca-ept-table-e014>\n\t\t\t\t<div class=\"wp-block-fatcatapps-easy-pricing-tables alignwide fca-ept-layout2\">\n\t\t \n\t\t\t<div style=\"background-color:#f0be21;\" class=\"fca-ept-column \">\t\t\t\t\n\t\t\t\t<div class=\"fca-ept-plan-div\">\n\t\t\t\t\t<div style=\"display: none; border-color:#dd4632\" class=\"fca-ept-popular-div\">\t\t\t\t\t\n\t\t\t\t\t\t<span style=\"font-size:70%; background-color:#dd4632; color:#fff\" class=\"fca-ept-popular-text\">Most popular<\/span>\t\t\t\t\t\n\t\t\t\t\t<\/div>\n\t\t\t\t\t<div style=\"display: block\" class=\"fca-ept-plan-image\"><img decoding=\"async\" class=\"fca-ept-image1\" src=\"https:\/\/smsreflex.com\/info\/wp-content\/uploads\/2023\/07\/180plan.png\"><\/div>\n\t\t\t\t\t<div style=\"display: block\" class=\"fca-ept-plan-image\"><img decoding=\"async\" class=\"fca-ept-image2\" src=\"https:\/\/smsreflex.com\/info\/wp-content\/uploads\/2023\/07\/180plan.png\"><\/div>\n\t\t\t\t\t<span style=\"font-size:90%; color:#002168\" class=\"fca-ept-plan\" data-plan1=\"180 Plan France\" data-plan2=\"Starter\">180 Plan France<\/span>\t\t\t\n\t\t\t\t\t<span style=\"display: block; font-size:90%; color:#002168;\" class=\"fca-ept-plan-subtext\">Pour vos projets personnels<\/span>\n\t\t\t\t<\/div>\t\t\t\n\t\t\t\t<div class=\"fca-ept-price-div\">\t\t\t\n\t\t\t\t\t<div class=\"fca-ept-price-container\">\t\t\t\n\t\t\t\t\t\t<span style=\"font-size: 300%; color:#002168\" class=\"fca-ept-price\" data-price1=\"&lt;strong&gt;9 \u20ac&lt;\/strong&gt;\" data-price2=\"$290\"><strong>9 \u20ac<\/strong><\/span>\t\t\t\n\t\t\t\t\t\t<div style=\"display: block\" class=\"fca-ept-price-subtext\">\t\t\t\n\t\t\t\t\t\t\t<svg class=\"fca-ept-price-svg\" style=\"background-color:#002168\"><\/svg>\t\t\t\n\t\t\t\t\t\t\t<span style=\"font-size:90%; color:#002168\" class=\"fca-ept-price-period\" data-period1=\"par mois\" data-period2=\"per year\">par mois<\/span>\t\t\t\n\t\t\t\t\t\t<\/div>\t\t\t\n\t\t\t\t\t<\/div>\t\t\t\n\t\t\t\t<\/div>\t\t\t\n\t\t\t\t<div class=\"fca-ept-features-div\">\t\t\t\n\t\t\t\t\t<ul style=\"font-size:90%; color:#002168\" class=\"fca-ept-features\">\t\t\t\n\t\t\t\t\t\t<li>- 180 Credits France<\/li><li>- SMS Premium<\/li><li>- Acc\u00e8s plateforme en ligne<\/li><li>- Acc\u00e8s gestion de campagnes<\/li><li>- Gestion des Stop<\/li><li>- Programmation d'envoi<\/li><li><\/li><li>* cr\u00e9dits non reportables d'un mois sur l'autre<\/li>\t\t\t\n\t\t\t\t\t<\/ul>\t\t\t\n\t\t\t\t<\/div>\t\n\t\t\t\t\t\t\t\t\t<a style=\" \n\t\t\t\t\tfont-size:100%; \n\t\t\t\t\tcolor:#fff; \n\t\t\t\t\tbackground-color:#002168\" \n\t\t\t\t\thref=\"https:\/\/app.smsreflex.com\/register\" \n\t\t\t\t\tclass=\"fca-ept-button\" data-url1=\"https:\/\/app.smsreflex.com\/register\" \n\t\t\t\t\tdata-url2=\"https:\/\/www.fatcatapps.com\" \n\t\t\t\t\ttarget=\"_blank\" rel=\"noopener noreferrer\">\n\t\t\t\t\tS'abonner\t\t\t\t\t<\/a>\n\t\t\t\t\t\t\t<\/div>\t\t\n\t\t \n\t\t\t<div style=\"background-color:#f0be21;\" class=\"fca-ept-column fca-ept-most-popular\">\t\t\t\t\n\t\t\t\t<div class=\"fca-ept-plan-div\">\n\t\t\t\t\t<div style=\"display: block; border-color:#dd4632\" class=\"fca-ept-popular-div\">\t\t\t\t\t\n\t\t\t\t\t\t<span style=\"font-size:70%; background-color:#dd4632; color:#fff\" class=\"fca-ept-popular-text\">le plus populaire<\/span>\t\t\t\t\t\n\t\t\t\t\t<\/div>\n\t\t\t\t\t<div style=\"display: block\" class=\"fca-ept-plan-image\"><img decoding=\"async\" class=\"fca-ept-image1\" src=\"https:\/\/smsreflex.com\/info\/wp-content\/uploads\/2023\/07\/600plan.png\"><\/div>\n\t\t\t\t\t<div style=\"display: block\" class=\"fca-ept-plan-image\"><img decoding=\"async\" class=\"fca-ept-image2\" src=\"https:\/\/smsreflex.com\/info\/wp-content\/uploads\/2023\/07\/600plan.png\"><\/div>\n\t\t\t\t\t<span style=\"font-size:90%; color:#002168\" class=\"fca-ept-plan\" data-plan1=\"600 Plan France\" data-plan2=\"Pro\">600 Plan France<\/span>\t\t\t\n\t\t\t\t\t<span style=\"display: block; font-size:90%; color:#002168;\" class=\"fca-ept-plan-subtext\">Pour des projets avanc\u00e9s<\/span>\n\t\t\t\t<\/div>\t\t\t\n\t\t\t\t<div class=\"fca-ept-price-div\">\t\t\t\n\t\t\t\t\t<div class=\"fca-ept-price-container\">\t\t\t\n\t\t\t\t\t\t<span style=\"font-size: 300%; color:#002168\" class=\"fca-ept-price\" data-price1=\"&lt;strong&gt;29 \u20ac&lt;\/strong&gt;\" data-price2=\"$390\"><strong>29 \u20ac<\/strong><\/span>\t\t\t\n\t\t\t\t\t\t<div style=\"display: block\" class=\"fca-ept-price-subtext\">\t\t\t\n\t\t\t\t\t\t\t<svg class=\"fca-ept-price-svg\" style=\"background-color:#002168\"><\/svg>\t\t\t\n\t\t\t\t\t\t\t<span style=\"font-size:90%; color:#002168\" class=\"fca-ept-price-period\" data-period1=\"par mois\" data-period2=\"per year\">par mois<\/span>\t\t\t\n\t\t\t\t\t\t<\/div>\t\t\t\n\t\t\t\t\t<\/div>\t\t\t\n\t\t\t\t<\/div>\t\t\t\n\t\t\t\t<div class=\"fca-ept-features-div\">\t\t\t\n\t\t\t\t\t<ul style=\"font-size:90%; color:#002168\" class=\"fca-ept-features\">\t\t\t\n\t\t\t\t\t\t<li>- 600 Credits France<\/li><li>- SMS Premium<\/li><li>- Acc\u00e8s plateforme en ligne<\/li><li>- Acc\u00e8s gestion de campagnes<\/li><li>- Gestion des Stop<\/li><li>- Programmation d'envoi<\/li><li><\/li><li>* cr\u00e9dits non reportables d'un mois sur l'autre<\/li>\t\t\t\n\t\t\t\t\t<\/ul>\t\t\t\n\t\t\t\t<\/div>\t\n\t\t\t\t\t\t\t\t\t<a style=\" \n\t\t\t\t\tfont-size:100%; \n\t\t\t\t\tcolor:#fff; \n\t\t\t\t\tbackground-color:#002168\" \n\t\t\t\t\thref=\"https:\/\/app.smsreflex.com\/register\" \n\t\t\t\t\tclass=\"fca-ept-button\" data-url1=\"https:\/\/app.smsreflex.com\/register\" \n\t\t\t\t\tdata-url2=\"https:\/\/www.fatcatapps.com\" \n\t\t\t\t\ttarget=\"_blank\" rel=\"noopener noreferrer\">\n\t\t\t\t\tS'abonner\t\t\t\t\t<\/a>\n\t\t\t\t\t\t\t<\/div>\t\t\n\t\t \n\t\t\t<div style=\"background-color:#f0be21;\" class=\"fca-ept-column \">\t\t\t\t\n\t\t\t\t<div class=\"fca-ept-plan-div\">\n\t\t\t\t\t<div style=\"display: none; border-color:#dd4632\" class=\"fca-ept-popular-div\">\t\t\t\t\t\n\t\t\t\t\t\t<span style=\"font-size:70%; background-color:#dd4632; color:#fff\" class=\"fca-ept-popular-text\">Most popular<\/span>\t\t\t\t\t\n\t\t\t\t\t<\/div>\n\t\t\t\t\t<div style=\"display: block\" class=\"fca-ept-plan-image\"><img decoding=\"async\" class=\"fca-ept-image1\" src=\"https:\/\/smsreflex.com\/info\/wp-content\/uploads\/2023\/07\/2200plan.png\"><\/div>\n\t\t\t\t\t<div style=\"display: block\" class=\"fca-ept-plan-image\"><img decoding=\"async\" class=\"fca-ept-image2\" src=\"https:\/\/smsreflex.com\/info\/wp-content\/uploads\/2023\/07\/2200plan.png\"><\/div>\n\t\t\t\t\t<span style=\"font-size:90%; color:#002168\" class=\"fca-ept-plan\" data-plan1=\"2200 Plan France\" data-plan2=\"Elite\">2200 Plan France<\/span>\t\t\t\n\t\t\t\t\t<span style=\"display: block; font-size:90%; color:#002168;\" class=\"fca-ept-plan-subtext\">Pour les entreprises<\/span>\n\t\t\t\t<\/div>\t\t\t\n\t\t\t\t<div class=\"fca-ept-price-div\">\t\t\t\n\t\t\t\t\t<div class=\"fca-ept-price-container\">\t\t\t\n\t\t\t\t\t\t<span style=\"font-size: 300%; color:#002168\" class=\"fca-ept-price\" data-price1=\"&lt;strong&gt;99 \u20ac&lt;\/strong&gt;\" data-price2=\"$490\"><strong>99 \u20ac<\/strong><\/span>\t\t\t\n\t\t\t\t\t\t<div style=\"display: block\" class=\"fca-ept-price-subtext\">\t\t\t\n\t\t\t\t\t\t\t<svg class=\"fca-ept-price-svg\" style=\"background-color:#002168\"><\/svg>\t\t\t\n\t\t\t\t\t\t\t<span style=\"font-size:90%; color:#002168\" class=\"fca-ept-price-period\" data-period1=\"par mois\" data-period2=\"per year\">par mois<\/span>\t\t\t\n\t\t\t\t\t\t<\/div>\t\t\t\n\t\t\t\t\t<\/div>\t\t\t\n\t\t\t\t<\/div>\t\t\t\n\t\t\t\t<div class=\"fca-ept-features-div\">\t\t\t\n\t\t\t\t\t<ul style=\"font-size:90%; color:#002168\" class=\"fca-ept-features\">\t\t\t\n\t\t\t\t\t\t<li>- 2200 Credits France<\/li><li>- SMS Premium<\/li><li>- Acc\u00e8s plateforme en ligne<\/li><li>- Acc\u00e8s gestion de campagnes<\/li><li>- Gestion des Stop<\/li><li>- Programmation d'envoi<\/li><li>- Acc\u00e8s API<\/li><li>- Support Email<\/li><li><\/li><li>* cr\u00e9dits non reportables d'un mois sur l'autre<\/li>\t\t\t\n\t\t\t\t\t<\/ul>\t\t\t\n\t\t\t\t<\/div>\t\n\t\t\t\t\t\t\t\t\t<a style=\" \n\t\t\t\t\tfont-size:100%; \n\t\t\t\t\tcolor:#fff; \n\t\t\t\t\tbackground-color:#002168\" \n\t\t\t\t\thref=\"https:\/\/app.smsreflex.com\/register\" \n\t\t\t\t\tclass=\"fca-ept-button\" data-url1=\"https:\/\/app.smsreflex.com\/register\" \n\t\t\t\t\tdata-url2=\"https:\/\/www.fatcatapps.com\" \n\t\t\t\t\ttarget=\"_blank\" rel=\"noopener noreferrer\">\n\t\t\t\t\tS'abonnner\t\t\t\t\t<\/a>\n\t\t\t\t\t\t\t<\/div>\t\t\n\t\t\t\t<\/div>\n\t\t\t\n\t<\/div>\n\t<style>\n\t\t#fca-ept-table-e014 div.fca-ept-layout2 div.fca-ept-column.fca-ept-most-popular { border: 2px solid #dd4632 }\n\t\t\t<\/style>\n\t\n","protected":false},"excerpt":{"rendered":"<p>Des forfaits adapt\u00e9s \u00e0 votre entreprise et \u00e0 la taille de votre projet.<br \/>\nNos forfaits sont en pr\u00e9-paiement et et sur abonnement mensuel. Pour des projets plus ambitieux et avec des volumes plus importants n\u2019h\u00e9sitez pas \u00e0 nous contacter.<\/p>\n","protected":false},"author":1,"featured_media":1560,"parent":0,"menu_order":0,"comment_status":"closed","ping_status":"closed","template":"template-fullwidth.php","meta":{"footnotes":""},"class_list":["post-1553","page","type-page","status-publish","has-post-thumbnail","hentry"],"yoast_head":"<!-- This site is optimized with the Yoast SEO plugin v24.2 - https:\/\/yoast.com\/wordpress\/plugins\/seo\/ -->\n<title>Tarifs SMSREFLEX - SMS Reflex - Solution SMS Professionnelle : Marketing, Time2chat, Api, Alertes et Notifications Simples et Rapide<\/title>\n<meta name=\"description\" content=\"Les forfaits SMS de SMREFLEX sont adapt\u00e9s \u00e0 votre entreprise et \u00e0 la taille de votre projet. Pour des projets plus importants contactez-nous.\" \/>\n<meta name=\"robots\" content=\"index, follow, max-snippet:-1, max-image-preview:large, max-video-preview:-1\" \/>\n<link rel=\"canonical\" href=\"https:\/\/smsreflex.com\/fr\/tarifs-smsreflex\/\" \/>\n<meta property=\"og:locale\" content=\"fr_FR\" \/>\n<meta property=\"og:type\" content=\"article\" \/>\n<meta property=\"og:title\" content=\"Tarifs SMSREFLEX\" \/>\n<meta property=\"og:description\" content=\"Des forfaits adapt\u00e9s \u00e0 votre entreprise et \u00e0 la taille de votre projet.Nos forfaits sont en pr\u00e9-paiement et et sur abonnement mensuel. Pour des projets plus ambitieux et avec des volumes plus importants n\u2019h\u00e9sitez pas \u00e0 nous contacter.\" \/>\n<meta property=\"og:url\" content=\"https:\/\/smsreflex.com\/fr\/tarifs-smsreflex\/\" \/>\n<meta property=\"og:site_name\" content=\"SMS Reflex - Solution SMS Professionnelle : Marketing, Time2chat, Api, Alertes et Notifications Simples et Rapide\" \/>\n<meta property=\"article:modified_time\" content=\"2025-01-24T09:49:18+00:00\" \/>\n<meta property=\"og:image\" content=\"https:\/\/smsreflex.com\/info\/wp-content\/uploads\/2023\/07\/pricing-page_small.jpg\" \/>\n\t<meta property=\"og:image:width\" content=\"790\" \/>\n\t<meta property=\"og:image:height\" content=\"312\" \/>\n\t<meta property=\"og:image:type\" content=\"image\/jpeg\" \/>\n<meta name=\"twitter:card\" content=\"summary_large_image\" \/>\n<meta name=\"twitter:title\" content=\"Tarifs SMSREFLEX\" \/>\n<meta name=\"twitter:description\" content=\"Des forfaits adapt\u00e9s \u00e0 votre entreprise et \u00e0 la taille de votre projet.Nos forfaits sont en pr\u00e9-paiement et et sur abonnement mensuel. Pour des projets plus ambitieux et avec des volumes plus importants n\u2019h\u00e9sitez pas \u00e0 nous contacter.\" \/>\n<meta name=\"twitter:image\" content=\"https:\/\/smsreflex.com\/info\/wp-content\/uploads\/2023\/07\/pricing-page.jpg\" \/>\n<meta name=\"twitter:site\" content=\"@smsreflex\" \/>\n<meta name=\"twitter:label1\" content=\"Dur\u00e9e de lecture estim\u00e9e\" \/>\n\t<meta name=\"twitter:data1\" content=\"1 minute\" \/>\n<script type=\"application\/ld+json\" class=\"yoast-schema-graph\">{\"@context\":\"https:\/\/schema.org\",\"@graph\":[{\"@type\":\"WebPage\",\"@id\":\"https:\/\/smsreflex.com\/tarifs-smsreflex\/\",\"url\":\"https:\/\/smsreflex.com\/tarifs-smsreflex\/\",\"name\":\"Tarifs SMSREFLEX - SMS Reflex - Solution SMS Professionnelle : Marketing, Time2chat, Api, Alertes et Notifications Simples et Rapide\",\"isPartOf\":{\"@id\":\"https:\/\/smsreflex.com\/#website\"},\"primaryImageOfPage\":{\"@id\":\"https:\/\/smsreflex.com\/tarifs-smsreflex\/#primaryimage\"},\"image\":{\"@id\":\"https:\/\/smsreflex.com\/tarifs-smsreflex\/#primaryimage\"},\"thumbnailUrl\":\"https:\/\/smsreflex.com\/info\/wp-content\/uploads\/2023\/07\/pricing-page.jpg\",\"datePublished\":\"2023-07-04T15:27:36+00:00\",\"dateModified\":\"2025-01-24T09:49:18+00:00\",\"description\":\"Les forfaits SMS de SMREFLEX sont adapt\u00e9s \u00e0 votre entreprise et \u00e0 la taille de votre projet. Pour des projets plus importants contactez-nous.\",\"breadcrumb\":{\"@id\":\"https:\/\/smsreflex.com\/tarifs-smsreflex\/#breadcrumb\"},\"inLanguage\":\"fr-FR\",\"potentialAction\":[{\"@type\":\"ReadAction\",\"target\":[\"https:\/\/smsreflex.com\/tarifs-smsreflex\/\"]}]},{\"@type\":\"ImageObject\",\"inLanguage\":\"fr-FR\",\"@id\":\"https:\/\/smsreflex.com\/tarifs-smsreflex\/#primaryimage\",\"url\":\"https:\/\/smsreflex.com\/info\/wp-content\/uploads\/2023\/07\/pricing-page.jpg\",\"contentUrl\":\"https:\/\/smsreflex.com\/info\/wp-content\/uploads\/2023\/07\/pricing-page.jpg\",\"width\":1108,\"height\":385},{\"@type\":\"BreadcrumbList\",\"@id\":\"https:\/\/smsreflex.com\/tarifs-smsreflex\/#breadcrumb\",\"itemListElement\":[{\"@type\":\"ListItem\",\"position\":1,\"name\":\"Home\",\"item\":\"https:\/\/smsreflex.com\/\"},{\"@type\":\"ListItem\",\"position\":2,\"name\":\"Tarifs SMSREFLEX\"}]},{\"@type\":\"WebSite\",\"@id\":\"https:\/\/smsreflex.com\/#website\",\"url\":\"https:\/\/smsreflex.com\/\",\"name\":\"SMS Reflex - Solution SMS Professionnelle : Marketing, Time2chat, Api, Alertes et Notifications Simples et Rapide\",\"description\":\"SMS Reflex - Solution SMS Professionnelle : Marketing, Time2chat, Api, Alertes et Notifications Simples et Rapide\",\"publisher\":{\"@id\":\"https:\/\/smsreflex.com\/#organization\"},\"potentialAction\":[{\"@type\":\"SearchAction\",\"target\":{\"@type\":\"EntryPoint\",\"urlTemplate\":\"https:\/\/smsreflex.com\/?s={search_term_string}\"},\"query-input\":{\"@type\":\"PropertyValueSpecification\",\"valueRequired\":true,\"valueName\":\"search_term_string\"}}],\"inLanguage\":\"fr-FR\"},{\"@type\":\"Organization\",\"@id\":\"https:\/\/smsreflex.com\/#organization\",\"name\":\"SMS Reflex - Solution SMS Professionnelle : Marketing, Time2chat, Api, Alertes et Notifications Simples et Rapide\",\"url\":\"https:\/\/smsreflex.com\/\",\"logo\":{\"@type\":\"ImageObject\",\"inLanguage\":\"fr-FR\",\"@id\":\"https:\/\/smsreflex.com\/#\/schema\/logo\/image\/\",\"url\":\"https:\/\/smsreflex.com\/info\/wp-content\/uploads\/2023\/07\/logo_smsreflex-headerAPP.png\",\"contentUrl\":\"https:\/\/smsreflex.com\/info\/wp-content\/uploads\/2023\/07\/logo_smsreflex-headerAPP.png\",\"width\":413,\"height\":93,\"caption\":\"SMS Reflex - Solution SMS Professionnelle : Marketing, Time2chat, Api, Alertes et Notifications Simples et Rapide\"},\"image\":{\"@id\":\"https:\/\/smsreflex.com\/#\/schema\/logo\/image\/\"},\"sameAs\":[\"https:\/\/x.com\/smsreflex\",\"https:\/\/www.instagram.com\/smsreflex\",\"https:\/\/www.linkedin.com\/company\/smsreflex\/\"]}]}<\/script>\n<!-- \/ Yoast SEO plugin. -->","yoast_head_json":{"title":"Tarifs SMSREFLEX - SMS Reflex - Solution SMS Professionnelle : Marketing, Time2chat, Api, Alertes et Notifications Simples et Rapide","description":"Les forfaits SMS de SMREFLEX sont adapt\u00e9s \u00e0 votre entreprise et \u00e0 la taille de votre projet. Pour des projets plus importants contactez-nous.","robots":{"index":"index","follow":"follow","max-snippet":"max-snippet:-1","max-image-preview":"max-image-preview:large","max-video-preview":"max-video-preview:-1"},"canonical":"https:\/\/smsreflex.com\/fr\/tarifs-smsreflex\/","og_locale":"fr_FR","og_type":"article","og_title":"Tarifs SMSREFLEX","og_description":"Des forfaits adapt\u00e9s \u00e0 votre entreprise et \u00e0 la taille de votre projet.Nos forfaits sont en pr\u00e9-paiement et et sur abonnement mensuel. Pour des projets plus ambitieux et avec des volumes plus importants n\u2019h\u00e9sitez pas \u00e0 nous contacter.","og_url":"https:\/\/smsreflex.com\/fr\/tarifs-smsreflex\/","og_site_name":"SMS Reflex - Solution SMS Professionnelle : Marketing, Time2chat, Api, Alertes et Notifications Simples et Rapide","article_modified_time":"2025-01-24T09:49:18+00:00","og_image":[{"width":790,"height":312,"url":"https:\/\/smsreflex.com\/info\/wp-content\/uploads\/2023\/07\/pricing-page_small.jpg","type":"image\/jpeg"}],"twitter_card":"summary_large_image","twitter_title":"Tarifs SMSREFLEX","twitter_description":"Des forfaits adapt\u00e9s \u00e0 votre entreprise et \u00e0 la taille de votre projet.Nos forfaits sont en pr\u00e9-paiement et et sur abonnement mensuel. Pour des projets plus ambitieux et avec des volumes plus importants n\u2019h\u00e9sitez pas \u00e0 nous contacter.","twitter_image":"https:\/\/smsreflex.com\/info\/wp-content\/uploads\/2023\/07\/pricing-page.jpg","twitter_site":"@smsreflex","twitter_misc":{"Dur\u00e9e de lecture estim\u00e9e":"1 minute"},"schema":{"@context":"https:\/\/schema.org","@graph":[{"@type":"WebPage","@id":"https:\/\/smsreflex.com\/tarifs-smsreflex\/","url":"https:\/\/smsreflex.com\/tarifs-smsreflex\/","name":"Tarifs SMSREFLEX - SMS Reflex - Solution SMS Professionnelle : Marketing, Time2chat, Api, Alertes et Notifications Simples et Rapide","isPartOf":{"@id":"https:\/\/smsreflex.com\/#website"},"primaryImageOfPage":{"@id":"https:\/\/smsreflex.com\/tarifs-smsreflex\/#primaryimage"},"image":{"@id":"https:\/\/smsreflex.com\/tarifs-smsreflex\/#primaryimage"},"thumbnailUrl":"https:\/\/smsreflex.com\/info\/wp-content\/uploads\/2023\/07\/pricing-page.jpg","datePublished":"2023-07-04T15:27:36+00:00","dateModified":"2025-01-24T09:49:18+00:00","description":"Les forfaits SMS de SMREFLEX sont adapt\u00e9s \u00e0 votre entreprise et \u00e0 la taille de votre projet. Pour des projets plus importants contactez-nous.","breadcrumb":{"@id":"https:\/\/smsreflex.com\/tarifs-smsreflex\/#breadcrumb"},"inLanguage":"fr-FR","potentialAction":[{"@type":"ReadAction","target":["https:\/\/smsreflex.com\/tarifs-smsreflex\/"]}]},{"@type":"ImageObject","inLanguage":"fr-FR","@id":"https:\/\/smsreflex.com\/tarifs-smsreflex\/#primaryimage","url":"https:\/\/smsreflex.com\/info\/wp-content\/uploads\/2023\/07\/pricing-page.jpg","contentUrl":"https:\/\/smsreflex.com\/info\/wp-content\/uploads\/2023\/07\/pricing-page.jpg","width":1108,"height":385},{"@type":"BreadcrumbList","@id":"https:\/\/smsreflex.com\/tarifs-smsreflex\/#breadcrumb","itemListElement":[{"@type":"ListItem","position":1,"name":"Home","item":"https:\/\/smsreflex.com\/"},{"@type":"ListItem","position":2,"name":"Tarifs SMSREFLEX"}]},{"@type":"WebSite","@id":"https:\/\/smsreflex.com\/#website","url":"https:\/\/smsreflex.com\/","name":"SMS Reflex - Solution SMS Professionnelle : Marketing, Time2chat, Api, Alertes et Notifications Simples et Rapide","description":"SMS Reflex - Solution SMS Professionnelle : Marketing, Time2chat, Api, Alertes et Notifications Simples et Rapide","publisher":{"@id":"https:\/\/smsreflex.com\/#organization"},"potentialAction":[{"@type":"SearchAction","target":{"@type":"EntryPoint","urlTemplate":"https:\/\/smsreflex.com\/?s={search_term_string}"},"query-input":{"@type":"PropertyValueSpecification","valueRequired":true,"valueName":"search_term_string"}}],"inLanguage":"fr-FR"},{"@type":"Organization","@id":"https:\/\/smsreflex.com\/#organization","name":"SMS Reflex - Solution SMS Professionnelle : Marketing, Time2chat, Api, Alertes et Notifications Simples et Rapide","url":"https:\/\/smsreflex.com\/","logo":{"@type":"ImageObject","inLanguage":"fr-FR","@id":"https:\/\/smsreflex.com\/#\/schema\/logo\/image\/","url":"https:\/\/smsreflex.com\/info\/wp-content\/uploads\/2023\/07\/logo_smsreflex-headerAPP.png","contentUrl":"https:\/\/smsreflex.com\/info\/wp-content\/uploads\/2023\/07\/logo_smsreflex-headerAPP.png","width":413,"height":93,"caption":"SMS Reflex - Solution SMS Professionnelle : Marketing, Time2chat, Api, Alertes et Notifications Simples et Rapide"},"image":{"@id":"https:\/\/smsreflex.com\/#\/schema\/logo\/image\/"},"sameAs":["https:\/\/x.com\/smsreflex","https:\/\/www.instagram.com\/smsreflex","https:\/\/www.linkedin.com\/company\/smsreflex\/"]}]}},"_links":{"self":[{"href":"https:\/\/smsreflex.com\/fr\/wp-json\/wp\/v2\/pages\/1553","targetHints":{"allow":["GET"]}}],"collection":[{"href":"https:\/\/smsreflex.com\/fr\/wp-json\/wp\/v2\/pages"}],"about":[{"href":"https:\/\/smsreflex.com\/fr\/wp-json\/wp\/v2\/types\/page"}],"author":[{"embeddable":true,"href":"https:\/\/smsreflex.com\/fr\/wp-json\/wp\/v2\/users\/1"}],"replies":[{"embeddable":true,"href":"https:\/\/smsreflex.com\/fr\/wp-json\/wp\/v2\/comments?post=1553"}],"version-history":[{"count":7,"href":"https:\/\/smsreflex.com\/fr\/wp-json\/wp\/v2\/pages\/1553\/revisions"}],"predecessor-version":[{"id":1574,"href":"https:\/\/smsreflex.com\/fr\/wp-json\/wp\/v2\/pages\/1553\/revisions\/1574"}],"wp:featuredmedia":[{"embeddable":true,"href":"https:\/\/smsreflex.com\/fr\/wp-json\/wp\/v2\/media\/1560"}],"wp:attachment":[{"href":"https:\/\/smsreflex.com\/fr\/wp-json\/wp\/v2\/media?parent=1553"}],"curies":[{"name":"wp","href":"https:\/\/api.w.org\/{rel}","templated":true}]}}